{"id":90,"date":"2024-02-22T11:08:16","date_gmt":"2024-02-22T10:08:16","guid":{"rendered":"https:\/\/www.amc-jablonec.cz\/?page_id=90"},"modified":"2024-05-13T16:25:00","modified_gmt":"2024-05-13T14:25:00","slug":"kniha","status":"publish","type":"page","link":"https:\/\/www.amc-jablonec.cz\/?page_id=90","title":{"rendered":"Kniha"},"content":{"rendered":"\n<p>Indi\u00e1ni z Peru si dok\u00e1\u017e\u00ed poradit s mnoha nemocemi. Co je to andsk\u00e1 fytoterapie? A jak\u00e9 m\u00e1 \u00fa\u010dinky?<\/p>\n\n\n\n<p>Odpov\u011bdi najdete v nejprod\u00e1van\u011bj\u0161\u00ed knize roku 1999 v Polsku.<\/p>\n\n\n\n<p><strong>&#8222;VILCACORA L\u00c9\u010c\u00cd RAKOVINU&#8220;<\/strong><\/p>\n\n\n\n<p><\/p>\n\n\n\n<h1 class=\"wp-block-heading\"><img loading=\"lazy\" decoding=\"async\" width=\"471\" height=\"700\" class=\"wp-image-22\" style=\"width: 150px;\" src=\"https:\/\/www.amc-jablonec.cz\/wp-content\/uploads\/2024\/01\/Predni-strana-logo-7-x-45-cm.jpg\" alt=\"\" srcset=\"https:\/\/www.amc-jablonec.cz\/wp-content\/uploads\/2024\/01\/Predni-strana-logo-7-x-45-cm.jpg 471w, https:\/\/www.amc-jablonec.cz\/wp-content\/uploads\/2024\/01\/Predni-strana-logo-7-x-45-cm-202x300.jpg 202w\" sizes=\"(max-width: 471px) 100vw, 471px\" \/><\/h1>\n\n\n\n<p><strong>Dovolujeme si V\u00e1s upozornit, \u017ee knihu<\/strong> <strong>m\u016f\u017eete nyn\u00ed z\u00edskat <a href=\"mailto:amc@ginet.cz?Subject=KNIHA ZDARMA\">ZDARMA!!!<\/a><\/strong><\/p>\n\n\n\n<figure class=\"wp-block-image\"><a href=\"mailto:amc@ginet.cz?Subject=KNIHA ZDARMA\"><img decoding=\"async\" src=\"http:\/\/amc-jablonec.cz\/Kniha1.jpg\" alt=\"Napi\u0161te, p\u0159ejete-li si ji zaslat!\"\/><\/a><\/figure>\n\n\n\n<p class=\"has-text-align-left\">N<strong>a po\u017e\u00e1d\u00e1n\u00ed V\u00e1m za\u0161leme v jedn\u00e9 ob\u00e1lce 2 knihy! Vzhledem k vysok\u00e9 cen\u011b po\u0161tovn\u00e9ho do zahrani\u010d\u00ed nab\u00eddka plat\u00ed pouze v r\u00e1mci \u010cR! <\/strong>                            <strong>Nov\u011b m\u00e1me knihu tak\u00e9 v elektronick\u00e9 verzi ve form\u00e1tu PDF. Napi\u0161te si o ni, r\u00e1di V\u00e1m ji za\u0161leme.<\/strong><\/p>\n","protected":false},"excerpt":{"rendered":"<p>Indi\u00e1ni z Peru si dok\u00e1\u017e\u00ed poradit s mnoha nemocemi. Co je to andsk\u00e1 fytoterapie? A jak\u00e9 m\u00e1 \u00fa\u010dinky? Odpov\u011bdi najdete v nejprod\u00e1van\u011bj\u0161\u00ed knize roku 1999 v Polsku. &#8222;VILCACORA L\u00c9\u010c\u00cd RAKOVINU&#8220; Dovolujeme si V\u00e1s upozornit, \u017ee knihu m\u016f\u017eete nyn\u00ed z\u00edskat ZDARMA!!! Na po\u017e\u00e1d\u00e1n\u00ed V\u00e1m za\u0161leme v jedn\u00e9 ob\u00e1lce 2 knihy! Vzhledem k vysok\u00e9 cen\u011b po\u0161tovn\u00e9ho do [&hellip;]<\/p>\n","protected":false},"author":1,"featured_media":0,"parent":0,"menu_order":0,"comment_status":"closed","ping_status":"closed","template":"","meta":{"_monsterinsights_skip_tracking":false,"_monsterinsights_sitenote_active":false,"_monsterinsights_sitenote_note":"","_monsterinsights_sitenote_category":0,"footnotes":""},"yoast_head":"<!-- This site is optimized with the Yoast SEO plugin v21.9.1 - https:\/\/yoast.com\/wordpress\/plugins\/seo\/ -->\n<title>Kniha - Andsk\u00e1 fytoterapie<\/title>\n<meta name=\"robots\" content=\"index, follow, max-snippet:-1, max-image-preview:large, max-video-preview:-1\" \/>\n<link rel=\"canonical\" href=\"https:\/\/www.amc-jablonec.cz\/?page_id=90\" \/>\n<meta property=\"og:locale\" content=\"cs_CZ\" \/>\n<meta property=\"og:type\" content=\"article\" \/>\n<meta property=\"og:title\" content=\"Kniha - Andsk\u00e1 fytoterapie\" \/>\n<meta property=\"og:description\" content=\"Indi\u00e1ni z Peru si dok\u00e1\u017e\u00ed poradit s mnoha nemocemi. Co je to andsk\u00e1 fytoterapie? A jak\u00e9 m\u00e1 \u00fa\u010dinky? Odpov\u011bdi najdete v nejprod\u00e1van\u011bj\u0161\u00ed knize roku 1999 v Polsku. &#8222;VILCACORA L\u00c9\u010c\u00cd RAKOVINU&#8220; Dovolujeme si V\u00e1s upozornit, \u017ee knihu m\u016f\u017eete nyn\u00ed z\u00edskat ZDARMA!!! Na po\u017e\u00e1d\u00e1n\u00ed V\u00e1m za\u0161leme v jedn\u00e9 ob\u00e1lce 2 knihy! Vzhledem k vysok\u00e9 cen\u011b po\u0161tovn\u00e9ho do [&hellip;]\" \/>\n<meta property=\"og:url\" content=\"https:\/\/www.amc-jablonec.cz\/?page_id=90\" \/>\n<meta property=\"og:site_name\" content=\"Andsk\u00e1 fytoterapie\" \/>\n<meta property=\"article:modified_time\" content=\"2024-05-13T14:25:00+00:00\" \/>\n<meta property=\"og:image\" content=\"https:\/\/www.amc-jablonec.cz\/wp-content\/uploads\/2024\/01\/Predni-strana-logo-7-x-45-cm.jpg\" \/>\n<meta name=\"twitter:card\" content=\"summary_large_image\" \/>\n<meta name=\"twitter:label1\" content=\"Odhadovan\u00e1 doba \u010dten\u00ed\" \/>\n\t<meta name=\"twitter:data1\" content=\"1 minuta\" \/>\n<script type=\"application\/ld+json\" class=\"yoast-schema-graph\">{\"@context\":\"https:\/\/schema.org\",\"@graph\":[{\"@type\":\"WebPage\",\"@id\":\"https:\/\/www.amc-jablonec.cz\/?page_id=90\",\"url\":\"https:\/\/www.amc-jablonec.cz\/?page_id=90\",\"name\":\"Kniha - Andsk\u00e1 fytoterapie\",\"isPartOf\":{\"@id\":\"https:\/\/www.amc-jablonec.cz\/#website\"},\"datePublished\":\"2024-02-22T10:08:16+00:00\",\"dateModified\":\"2024-05-13T14:25:00+00:00\",\"breadcrumb\":{\"@id\":\"https:\/\/www.amc-jablonec.cz\/?page_id=90#breadcrumb\"},\"inLanguage\":\"cs\",\"potentialAction\":[{\"@type\":\"ReadAction\",\"target\":[\"https:\/\/www.amc-jablonec.cz\/?page_id=90\"]}]},{\"@type\":\"BreadcrumbList\",\"@id\":\"https:\/\/www.amc-jablonec.cz\/?page_id=90#breadcrumb\",\"itemListElement\":[{\"@type\":\"ListItem\",\"position\":1,\"name\":\"Home\",\"item\":\"https:\/\/www.amc-jablonec.cz\/\"},{\"@type\":\"ListItem\",\"position\":2,\"name\":\"Kniha\"}]},{\"@type\":\"WebSite\",\"@id\":\"https:\/\/www.amc-jablonec.cz\/#website\",\"url\":\"https:\/\/www.amc-jablonec.cz\/\",\"name\":\"Andsk\u00e1 fytoterapie\",\"description\":\"\",\"potentialAction\":[{\"@type\":\"SearchAction\",\"target\":{\"@type\":\"EntryPoint\",\"urlTemplate\":\"https:\/\/www.amc-jablonec.cz\/?s={search_term_string}\"},\"query-input\":\"required name=search_term_string\"}],\"inLanguage\":\"cs\"}]}<\/script>\n<!-- \/ Yoast SEO plugin. -->","yoast_head_json":{"title":"Kniha - Andsk\u00e1 fytoterapie","robots":{"index":"index","follow":"follow","max-snippet":"max-snippet:-1","max-image-preview":"max-image-preview:large","max-video-preview":"max-video-preview:-1"},"canonical":"https:\/\/www.amc-jablonec.cz\/?page_id=90","og_locale":"cs_CZ","og_type":"article","og_title":"Kniha - Andsk\u00e1 fytoterapie","og_description":"Indi\u00e1ni z Peru si dok\u00e1\u017e\u00ed poradit s mnoha nemocemi. Co je to andsk\u00e1 fytoterapie? A jak\u00e9 m\u00e1 \u00fa\u010dinky? Odpov\u011bdi najdete v nejprod\u00e1van\u011bj\u0161\u00ed knize roku 1999 v Polsku. &#8222;VILCACORA L\u00c9\u010c\u00cd RAKOVINU&#8220; Dovolujeme si V\u00e1s upozornit, \u017ee knihu m\u016f\u017eete nyn\u00ed z\u00edskat ZDARMA!!! Na po\u017e\u00e1d\u00e1n\u00ed V\u00e1m za\u0161leme v jedn\u00e9 ob\u00e1lce 2 knihy! Vzhledem k vysok\u00e9 cen\u011b po\u0161tovn\u00e9ho do [&hellip;]","og_url":"https:\/\/www.amc-jablonec.cz\/?page_id=90","og_site_name":"Andsk\u00e1 fytoterapie","article_modified_time":"2024-05-13T14:25:00+00:00","og_image":[{"url":"https:\/\/www.amc-jablonec.cz\/wp-content\/uploads\/2024\/01\/Predni-strana-logo-7-x-45-cm.jpg"}],"twitter_card":"summary_large_image","twitter_misc":{"Odhadovan\u00e1 doba \u010dten\u00ed":"1 minuta"},"schema":{"@context":"https:\/\/schema.org","@graph":[{"@type":"WebPage","@id":"https:\/\/www.amc-jablonec.cz\/?page_id=90","url":"https:\/\/www.amc-jablonec.cz\/?page_id=90","name":"Kniha - Andsk\u00e1 fytoterapie","isPartOf":{"@id":"https:\/\/www.amc-jablonec.cz\/#website"},"datePublished":"2024-02-22T10:08:16+00:00","dateModified":"2024-05-13T14:25:00+00:00","breadcrumb":{"@id":"https:\/\/www.amc-jablonec.cz\/?page_id=90#breadcrumb"},"inLanguage":"cs","potentialAction":[{"@type":"ReadAction","target":["https:\/\/www.amc-jablonec.cz\/?page_id=90"]}]},{"@type":"BreadcrumbList","@id":"https:\/\/www.amc-jablonec.cz\/?page_id=90#breadcrumb","itemListElement":[{"@type":"ListItem","position":1,"name":"Home","item":"https:\/\/www.amc-jablonec.cz\/"},{"@type":"ListItem","position":2,"name":"Kniha"}]},{"@type":"WebSite","@id":"https:\/\/www.amc-jablonec.cz\/#website","url":"https:\/\/www.amc-jablonec.cz\/","name":"Andsk\u00e1 fytoterapie","description":"","potentialAction":[{"@type":"SearchAction","target":{"@type":"EntryPoint","urlTemplate":"https:\/\/www.amc-jablonec.cz\/?s={search_term_string}"},"query-input":"required name=search_term_string"}],"inLanguage":"cs"}]}},"_links":{"self":[{"href":"https:\/\/www.amc-jablonec.cz\/index.php?rest_route=\/wp\/v2\/pages\/90"}],"collection":[{"href":"https:\/\/www.amc-jablonec.cz\/index.php?rest_route=\/wp\/v2\/pages"}],"about":[{"href":"https:\/\/www.amc-jablonec.cz\/index.php?rest_route=\/wp\/v2\/types\/page"}],"author":[{"embeddable":true,"href":"https:\/\/www.amc-jablonec.cz\/index.php?rest_route=\/wp\/v2\/users\/1"}],"replies":[{"embeddable":true,"href":"https:\/\/www.amc-jablonec.cz\/index.php?rest_route=%2Fwp%2Fv2%2Fcomments&post=90"}],"version-history":[{"count":4,"href":"https:\/\/www.amc-jablonec.cz\/index.php?rest_route=\/wp\/v2\/pages\/90\/revisions"}],"predecessor-version":[{"id":117,"href":"https:\/\/www.amc-jablonec.cz\/index.php?rest_route=\/wp\/v2\/pages\/90\/revisions\/117"}],"wp:attachment":[{"href":"https:\/\/www.amc-jablonec.cz\/index.php?rest_route=%2Fwp%2Fv2%2Fmedia&parent=90"}],"curies":[{"name":"wp","href":"https:\/\/api.w.org\/{rel}","templated":true}]}}