{"id":73,"date":"2024-02-05T15:36:43","date_gmt":"2024-02-05T14:36:43","guid":{"rendered":"https:\/\/www.amc-jablonec.cz\/?page_id=73"},"modified":"2024-05-13T16:31:07","modified_gmt":"2024-05-13T14:31:07","slug":"o-nas","status":"publish","type":"page","link":"https:\/\/www.amc-jablonec.cz\/?page_id=73","title":{"rendered":"O n\u00e1s"},"content":{"rendered":"\n<h6 class=\"wp-block-heading\">\u010cesk\u00e9 centrum Andsk\u00e9 fytoterapie ji\u017e od roku 2000.<\/h6>\n\n\n\n<p>Zastupujeme lond\u00fdnskou spole\u010dnost AMC Pharma Ltd. na na\u0161em \u00fazem\u00ed.<\/p>\n\n\n\n<p><\/p>\n\n\n\n<h1 class=\"wp-block-heading\"><\/h1>\n\n\n\n<p>D\u00edky bylin\u00e1m z amazonsk\u00fdch prales\u016f m\u00e1me dobr\u00e9 v\u00fdsledky v prevenci a l\u00e9\u010db\u011b \u0161irok\u00e9ho spektra nemoc\u00ed a r\u016fzn\u00fdch zdravotn\u00edch probl\u00e9m\u016f.<\/p>\n\n\n\n<p>Pomoc\u00ed na\u0161ich bylinn\u00fdch prepar\u00e1t\u016f&nbsp;m\u016f\u017eeme \u00fa\u010dinn\u011b pomoci p\u0159i l\u00e9\u010db\u011b takov\u00fdch&nbsp;onemocn\u011bn\u00ed jako jsou:<\/p>\n\n\n\n<p><em><strong>n\u00e1dorov\u00e1 onemocn\u011bn\u00ed, cukrovka, kloubn\u00ed probl\u00e9my, z\u00e1n\u011btliv\u00e9 onemocn\u011bn\u00ed d\u00fdchac\u00edho, za\u017e\u00edvac\u00edho traktu, ledvin a mo\u010dov\u00fdch cest, alergie, ko\u017en\u00ed nemoci, atd.<\/strong><\/em><\/p>\n\n\n\n<p>Na\u0161e l\u00e9ka\u0159ka V\u00e1m na z\u00e1klad\u011b l\u00e9ka\u0159sk\u00e9 zpr\u00e1vy navrhne k\u00faru p\u0159\u00edmo na V\u00e1\u0161 zdravotn\u00ed stav.<\/p>\n\n\n\n<p>Chcete-li z\u00edskat v\u00edce informac\u00ed o&nbsp;mo\u017enostech l\u00e9\u010dby, objedn\u00e1n\u00ed knihy a bylin, \u010di pouze konzultaci zdravotn\u00edch probl\u00e9m\u016f a mo\u017enosti aplikace fytoterapie pou\u017eijte n\u00e1sleduj\u00edc\u00edch <a href=\"https:\/\/www.amc-jablonec.cz\/?page_id=41\">kontakt\u016f.<\/a><\/p>\n","protected":false},"excerpt":{"rendered":"<p>\u010cesk\u00e9 centrum Andsk\u00e9 fytoterapie ji\u017e od roku 2000. Zastupujeme lond\u00fdnskou spole\u010dnost AMC Pharma Ltd. na na\u0161em \u00fazem\u00ed. D\u00edky bylin\u00e1m z amazonsk\u00fdch prales\u016f m\u00e1me dobr\u00e9 v\u00fdsledky v prevenci a l\u00e9\u010db\u011b \u0161irok\u00e9ho spektra nemoc\u00ed a r\u016fzn\u00fdch zdravotn\u00edch probl\u00e9m\u016f. Pomoc\u00ed na\u0161ich bylinn\u00fdch prepar\u00e1t\u016f&nbsp;m\u016f\u017eeme \u00fa\u010dinn\u011b pomoci p\u0159i l\u00e9\u010db\u011b takov\u00fdch&nbsp;onemocn\u011bn\u00ed jako jsou: n\u00e1dorov\u00e1 onemocn\u011bn\u00ed, cukrovka, kloubn\u00ed probl\u00e9my, z\u00e1n\u011btliv\u00e9 onemocn\u011bn\u00ed d\u00fdchac\u00edho, [&hellip;]<\/p>\n","protected":false},"author":1,"featured_media":0,"parent":0,"menu_order":0,"comment_status":"closed","ping_status":"closed","template":"","meta":{"_monsterinsights_skip_tracking":false,"_monsterinsights_sitenote_active":false,"_monsterinsights_sitenote_note":"","_monsterinsights_sitenote_category":0,"footnotes":""},"yoast_head":"<!-- This site is optimized with the Yoast SEO plugin v21.9.1 - https:\/\/yoast.com\/wordpress\/plugins\/seo\/ -->\n<title>O n\u00e1s - Andsk\u00e1 fytoterapie<\/title>\n<meta name=\"robots\" content=\"index, follow, max-snippet:-1, max-image-preview:large, max-video-preview:-1\" \/>\n<link rel=\"canonical\" href=\"https:\/\/www.amc-jablonec.cz\/?page_id=73\" \/>\n<meta property=\"og:locale\" content=\"cs_CZ\" \/>\n<meta property=\"og:type\" content=\"article\" \/>\n<meta property=\"og:title\" content=\"O n\u00e1s - Andsk\u00e1 fytoterapie\" \/>\n<meta property=\"og:description\" content=\"\u010cesk\u00e9 centrum Andsk\u00e9 fytoterapie ji\u017e od roku 2000. Zastupujeme lond\u00fdnskou spole\u010dnost AMC Pharma Ltd. na na\u0161em \u00fazem\u00ed. D\u00edky bylin\u00e1m z amazonsk\u00fdch prales\u016f m\u00e1me dobr\u00e9 v\u00fdsledky v prevenci a l\u00e9\u010db\u011b \u0161irok\u00e9ho spektra nemoc\u00ed a r\u016fzn\u00fdch zdravotn\u00edch probl\u00e9m\u016f. Pomoc\u00ed na\u0161ich bylinn\u00fdch prepar\u00e1t\u016f&nbsp;m\u016f\u017eeme \u00fa\u010dinn\u011b pomoci p\u0159i l\u00e9\u010db\u011b takov\u00fdch&nbsp;onemocn\u011bn\u00ed jako jsou: n\u00e1dorov\u00e1 onemocn\u011bn\u00ed, cukrovka, kloubn\u00ed probl\u00e9my, z\u00e1n\u011btliv\u00e9 onemocn\u011bn\u00ed d\u00fdchac\u00edho, [&hellip;]\" \/>\n<meta property=\"og:url\" content=\"https:\/\/www.amc-jablonec.cz\/?page_id=73\" \/>\n<meta property=\"og:site_name\" content=\"Andsk\u00e1 fytoterapie\" \/>\n<meta property=\"article:modified_time\" content=\"2024-05-13T14:31:07+00:00\" \/>\n<meta name=\"twitter:card\" content=\"summary_large_image\" \/>\n<meta name=\"twitter:label1\" content=\"Odhadovan\u00e1 doba \u010dten\u00ed\" \/>\n\t<meta name=\"twitter:data1\" content=\"1 minuta\" \/>\n<script type=\"application\/ld+json\" class=\"yoast-schema-graph\">{\"@context\":\"https:\/\/schema.org\",\"@graph\":[{\"@type\":\"WebPage\",\"@id\":\"https:\/\/www.amc-jablonec.cz\/?page_id=73\",\"url\":\"https:\/\/www.amc-jablonec.cz\/?page_id=73\",\"name\":\"O n\u00e1s - Andsk\u00e1 fytoterapie\",\"isPartOf\":{\"@id\":\"https:\/\/www.amc-jablonec.cz\/#website\"},\"datePublished\":\"2024-02-05T14:36:43+00:00\",\"dateModified\":\"2024-05-13T14:31:07+00:00\",\"breadcrumb\":{\"@id\":\"https:\/\/www.amc-jablonec.cz\/?page_id=73#breadcrumb\"},\"inLanguage\":\"cs\",\"potentialAction\":[{\"@type\":\"ReadAction\",\"target\":[\"https:\/\/www.amc-jablonec.cz\/?page_id=73\"]}]},{\"@type\":\"BreadcrumbList\",\"@id\":\"https:\/\/www.amc-jablonec.cz\/?page_id=73#breadcrumb\",\"itemListElement\":[{\"@type\":\"ListItem\",\"position\":1,\"name\":\"Home\",\"item\":\"https:\/\/www.amc-jablonec.cz\/\"},{\"@type\":\"ListItem\",\"position\":2,\"name\":\"O n\u00e1s\"}]},{\"@type\":\"WebSite\",\"@id\":\"https:\/\/www.amc-jablonec.cz\/#website\",\"url\":\"https:\/\/www.amc-jablonec.cz\/\",\"name\":\"Andsk\u00e1 fytoterapie\",\"description\":\"\",\"potentialAction\":[{\"@type\":\"SearchAction\",\"target\":{\"@type\":\"EntryPoint\",\"urlTemplate\":\"https:\/\/www.amc-jablonec.cz\/?s={search_term_string}\"},\"query-input\":\"required name=search_term_string\"}],\"inLanguage\":\"cs\"}]}<\/script>\n<!-- \/ Yoast SEO plugin. -->","yoast_head_json":{"title":"O n\u00e1s - Andsk\u00e1 fytoterapie","robots":{"index":"index","follow":"follow","max-snippet":"max-snippet:-1","max-image-preview":"max-image-preview:large","max-video-preview":"max-video-preview:-1"},"canonical":"https:\/\/www.amc-jablonec.cz\/?page_id=73","og_locale":"cs_CZ","og_type":"article","og_title":"O n\u00e1s - Andsk\u00e1 fytoterapie","og_description":"\u010cesk\u00e9 centrum Andsk\u00e9 fytoterapie ji\u017e od roku 2000. Zastupujeme lond\u00fdnskou spole\u010dnost AMC Pharma Ltd. na na\u0161em \u00fazem\u00ed. D\u00edky bylin\u00e1m z amazonsk\u00fdch prales\u016f m\u00e1me dobr\u00e9 v\u00fdsledky v prevenci a l\u00e9\u010db\u011b \u0161irok\u00e9ho spektra nemoc\u00ed a r\u016fzn\u00fdch zdravotn\u00edch probl\u00e9m\u016f. Pomoc\u00ed na\u0161ich bylinn\u00fdch prepar\u00e1t\u016f&nbsp;m\u016f\u017eeme \u00fa\u010dinn\u011b pomoci p\u0159i l\u00e9\u010db\u011b takov\u00fdch&nbsp;onemocn\u011bn\u00ed jako jsou: n\u00e1dorov\u00e1 onemocn\u011bn\u00ed, cukrovka, kloubn\u00ed probl\u00e9my, z\u00e1n\u011btliv\u00e9 onemocn\u011bn\u00ed d\u00fdchac\u00edho, [&hellip;]","og_url":"https:\/\/www.amc-jablonec.cz\/?page_id=73","og_site_name":"Andsk\u00e1 fytoterapie","article_modified_time":"2024-05-13T14:31:07+00:00","twitter_card":"summary_large_image","twitter_misc":{"Odhadovan\u00e1 doba \u010dten\u00ed":"1 minuta"},"schema":{"@context":"https:\/\/schema.org","@graph":[{"@type":"WebPage","@id":"https:\/\/www.amc-jablonec.cz\/?page_id=73","url":"https:\/\/www.amc-jablonec.cz\/?page_id=73","name":"O n\u00e1s - Andsk\u00e1 fytoterapie","isPartOf":{"@id":"https:\/\/www.amc-jablonec.cz\/#website"},"datePublished":"2024-02-05T14:36:43+00:00","dateModified":"2024-05-13T14:31:07+00:00","breadcrumb":{"@id":"https:\/\/www.amc-jablonec.cz\/?page_id=73#breadcrumb"},"inLanguage":"cs","potentialAction":[{"@type":"ReadAction","target":["https:\/\/www.amc-jablonec.cz\/?page_id=73"]}]},{"@type":"BreadcrumbList","@id":"https:\/\/www.amc-jablonec.cz\/?page_id=73#breadcrumb","itemListElement":[{"@type":"ListItem","position":1,"name":"Home","item":"https:\/\/www.amc-jablonec.cz\/"},{"@type":"ListItem","position":2,"name":"O n\u00e1s"}]},{"@type":"WebSite","@id":"https:\/\/www.amc-jablonec.cz\/#website","url":"https:\/\/www.amc-jablonec.cz\/","name":"Andsk\u00e1 fytoterapie","description":"","potentialAction":[{"@type":"SearchAction","target":{"@type":"EntryPoint","urlTemplate":"https:\/\/www.amc-jablonec.cz\/?s={search_term_string}"},"query-input":"required name=search_term_string"}],"inLanguage":"cs"}]}},"_links":{"self":[{"href":"https:\/\/www.amc-jablonec.cz\/index.php?rest_route=\/wp\/v2\/pages\/73"}],"collection":[{"href":"https:\/\/www.amc-jablonec.cz\/index.php?rest_route=\/wp\/v2\/pages"}],"about":[{"href":"https:\/\/www.amc-jablonec.cz\/index.php?rest_route=\/wp\/v2\/types\/page"}],"author":[{"embeddable":true,"href":"https:\/\/www.amc-jablonec.cz\/index.php?rest_route=\/wp\/v2\/users\/1"}],"replies":[{"embeddable":true,"href":"https:\/\/www.amc-jablonec.cz\/index.php?rest_route=%2Fwp%2Fv2%2Fcomments&post=73"}],"version-history":[{"count":5,"href":"https:\/\/www.amc-jablonec.cz\/index.php?rest_route=\/wp\/v2\/pages\/73\/revisions"}],"predecessor-version":[{"id":119,"href":"https:\/\/www.amc-jablonec.cz\/index.php?rest_route=\/wp\/v2\/pages\/73\/revisions\/119"}],"wp:attachment":[{"href":"https:\/\/www.amc-jablonec.cz\/index.php?rest_route=%2Fwp%2Fv2%2Fmedia&parent=73"}],"curies":[{"name":"wp","href":"https:\/\/api.w.org\/{rel}","templated":true}]}}