{"id":45,"date":"2024-01-25T18:12:12","date_gmt":"2024-01-25T17:12:12","guid":{"rendered":"https:\/\/www.amc-jablonec.cz\/?page_id=45"},"modified":"2024-05-13T16:20:22","modified_gmt":"2024-05-13T14:20:22","slug":"nabidka","status":"publish","type":"page","link":"https:\/\/www.amc-jablonec.cz\/?page_id=45","title":{"rendered":"Byliny"},"content":{"rendered":"\n<h1 class=\"wp-block-heading\"><\/h1>\n\n\n\n<p id=\"block-04759156-1ed1-47e7-8435-25a10cd7c8ac\"><strong>V na\u0161\u00ed nab\u00eddce je v\u00edce ne\u017e 90 bylin a p\u0159\u00edpravk\u016f z nich z\u00edskan\u00fdch. P\u0159edstav\u00edme V\u00e1m n\u011bkolik nejz\u00e1kladn\u011bj\u0161\u00edch. Pro zasl\u00e1n\u00ed kompletn\u00edch p\u0159ehled\u016f n\u00e1s kontaktujte.<\/strong><\/p>\n\n\n\n<p><strong>Achiote &#8211; Bixa orellana \u2013 kapsle<\/strong><\/p>\n\n\n\n<p><u>U\u017eit\u00ed:<\/u> antiseptick\u00fd, antibakteri\u00e1ln\u00ed, diuretick\u00fd-infekce urogenit\u00e1ln\u00edho traktu, jatern\u00ed choroby.<\/p>\n\n\n\n<p><\/p>\n\n\n\n<p><strong>Asmachilca&nbsp; &#8211; Eupatorium triplinerve \u2013 kapky<\/strong><\/p>\n\n\n\n<p><u>U\u017eit\u00ed:<\/u> katary horn\u00edch cest d\u00fdchac\u00edch, faryngitidy, tonsilitidy, z\u00e1paly krku a hrtanu, ch\u0159ipky.<\/p>\n\n\n\n<p><\/p>\n\n\n\n<p><strong>Caigua Forte Plus &#8211; Cyclanthera pedata&nbsp; &#8211; kapsle<\/strong><\/p>\n\n\n\n<p><u>U\u017eit\u00ed:<\/u> metabolismus tuk\u016f, obezita, hepatoprotektivn\u00ed, cukrovka, arterosklerosa.<\/p>\n\n\n\n<p><\/p>\n\n\n\n<p><strong>Cuti-Cuti &#8211; Notholaena nivea \u2013 kapky<\/strong><\/p>\n\n\n\n<p><u>U\u017eit\u00ed:<\/u> onemocn\u011bn\u00ed slinivky b\u0159i\u0161n\u00ed, cukrovka.<\/p>\n\n\n\n<p><\/p>\n\n\n\n<p><strong>Graviola &#8211; Anonna muricata &#8211; kapky\u00a0\u00a0\u00a0\u00a0\u00a0\u00a0\u00a0\u00a0\u00a0\u00a0\u00a0\u00a0\u00a0<\/strong><\/p>\n\n\n\n<p>U\u017eit\u00ed: l\u00e9\u010dba rakoviny, vysok\u00fd krevn\u00ed tlak, neuralgie, z\u00e1n\u011bty kloub\u016f, onemocn\u011bn\u00ed jater, cukrovka, vyr\u00e1\u017eky, pr\u016fjmy, myk\u00f3zy, v\u0159edov\u00e1 onemocn\u011bn\u00ed, poruchy tr\u00e1ven\u00ed, nespavost.<\/p>\n\n\n\n<p><\/p>\n\n\n\n<p><strong>Hercampuri \u2013 Gentianella alborosea \u2013 kapsle, kapky<\/strong><strong><\/strong><\/p>\n\n\n\n<p><u>U\u017eit\u00ed:<\/u> nemoci jater, l\u00e1tkov\u00e1 v\u00fdm\u011bna-lipidy, v\u00e1hov\u00fd \u00fabytek, \u010dist\u00ed krev, l\u00e9\u010dba vysok\u00e9ho krevn\u00edho tlaku.<\/p>\n\n\n\n<p><\/p>\n\n\n\n<p><strong>Chanca Piedra- Phyllanthus nirui &#8211; kapsle<\/strong><\/p>\n\n\n\n<p><u>U\u017eit\u00ed:<\/u> antibakteri\u00e1ln\u00ed, diuretick\u00fd, spasmolytick\u00fd, protin\u00e1dorov\u00fd, antiparazit\u00e1ln\u00ed, hypertense.<\/p>\n\n\n\n<p><\/p>\n\n\n\n<p><strong>Chuchuhuasi&nbsp; <\/strong>&#8211; <strong>Maytenus krukovit<\/strong><strong>&nbsp; &#8211; kapky<\/strong><strong><\/strong><\/p>\n\n\n\n<p><u>U\u017eit\u00ed:<\/u> nervov\u00fd syst\u00e9m, neuritidy, deprese, M.Parkinson, RS, Alzheimer, artritida, revmatismus, posiluje imunitu.<\/p>\n\n\n\n<p><\/p>\n\n\n\n<p><strong>Iporuru &#8211; Alchornea castaneifolia &#8211; kapky<\/strong><\/p>\n\n\n\n<p><u>U\u017eit\u00ed:<\/u> protiz\u00e1n\u011btliv\u00fd, revmatismus, bakteri\u00e1ln\u00ed infekce, nachlazen\u00ed, pr\u016fjem.<\/p>\n\n\n\n<p><\/p>\n\n\n\n<p><strong>Maca &#8211; Lepidium meyenii \u2013 kapsle<\/strong><strong><\/strong><\/p>\n\n\n\n<p><u>U\u017eit\u00ed:<\/u> nutri\u010dn\u00ed, regenera\u010dn\u00ed, anabolick\u00fd, reprodukce, stimuluje imunitu, menopauza rekonvalescence, neplodnost, impotence, celkov\u00e9 vy\u010derp\u00e1n\u00ed, stimuluje centr\u00e1ln\u00ed a perifern\u00ed nervov\u00fd syst\u00e9m.<\/p>\n\n\n\n<p><\/p>\n\n\n\n<p><strong>Manayupa \u2013 Desmodium sp. \u2013 kapsle, kapky<\/strong><\/p>\n\n\n\n<p><u>U\u017eit\u00ed:<\/u> mo\u010dov\u00fd trakt-antiseptikum, diuretikum, detoxikace, antiastmatikum, celkov\u011b vitalizuje, poruchy l\u00e1tkov\u00e9 v\u00fdm\u011bny, posiluje \u010dinnost ledvin, p\u0159i l\u00e9\u010db\u011b cirhosy jater a chronick\u00e9ho virov\u00e9ho z\u00e1n\u011btu jater typu B, akn\u00e9, myk\u00f3zy, ko\u017en\u00ed infekc<strong>e.<\/strong><\/p>\n\n\n\n<p><\/p>\n\n\n\n<p><strong>Mu\u0148a-Mu\u0148a &nbsp;&#8211; Minthostachys setosa&nbsp; &#8211; kapky<\/strong><\/p>\n\n\n\n<p><u>U\u017eit\u00ed:<\/u> katary horn\u00edch cest d\u00fdchac\u00edch, nemoci pr\u016fdu\u0161ek, astma.<\/p>\n\n\n\n<p><\/p>\n\n\n\n<p><strong>Pasuchaca &#8211; Geranium dielsianum \u2013 kapsle<\/strong><\/p>\n\n\n\n<p><u>U\u017eit\u00ed:<\/u> nemoci slinivky b\u0159i\u0161n\u00ed, cukrovka.<\/p>\n\n\n\n<p><\/p>\n\n\n\n<p><strong>ProProstata Plus &#8211; kapsle<\/strong><\/p>\n\n\n\n<p><u>U\u017eit\u00ed:<\/u> onemocn\u011bn\u00ed prostaty, chronick\u00e1 prostatitida.<\/p>\n\n\n\n<p><\/p>\n\n\n\n<p><strong>Sangre de Drago \u2013 Croton lechleri<\/strong><strong> \u2013 kapky, kapsle&nbsp;&nbsp;&nbsp; <\/strong><strong><\/strong><\/p>\n\n\n\n<p><u>U\u017eit\u00ed:<\/u> protin\u00e1dorov\u00fd, protiz\u00e1n\u011btliv\u00fd, protibakteri\u00e1ln\u00ed, inf.mo\u010dov\u00fdch cest, vynikaj\u00edc\u00ed k hojen\u00ed ran &#8211; lok\u00e1ln\u011b, hemeroidy, k\u0159e\u010dov\u00e9 \u017e\u00edly, pr\u016fjem.<\/p>\n\n\n\n<p><\/p>\n\n\n\n<p><strong>Tahuari<\/strong><strong>&nbsp; &#8211; Tabebuia ochracea \u2013 su\u0161ina, kapky<\/strong><em><\/em><\/p>\n\n\n\n<p><u>U\u017eit\u00ed:<\/u> protiz\u00e1n\u011btliv\u00fd, antirakovinov\u00fd a imunostimula\u010dn\u00ed, antileukemick\u00fd, protivirov\u00fd, antibakteri\u00e1ln\u00ed, antimutagenn\u00ed, analgetick\u00fd, protipl\u00eds\u0148ov\u00fd, imunostimuluj\u00edc\u00ed.<\/p>\n\n\n\n<p>L\u00e9\u010d\u00ed lupus, diabetes, alergie, M.Hodgkin, M.Parkinson, lup\u00e9nku, kvasinkov\u00e9 a pl\u00eds\u0148ov\u00e9 infekce, herpes.<\/p>\n\n\n\n<p><\/p>\n\n\n\n<p><strong>Ubos \u2013 Spondias mombin \u2013&nbsp; kapky<\/strong><\/p>\n\n\n\n<p><u>U\u017eit\u00ed:<\/u> pos\u00edlen\u00ed imunity, protiz\u00e1n\u011btliv\u00fd, antibakteri\u00e1ln\u00ed, antioxida\u010dn\u00ed, protinovotvarov\u00fd, protipr\u016fjmov\u00fd.<\/p>\n\n\n\n<p><\/p>\n\n\n\n<p><strong>Zarzaparilla \u2013 Smylax sp. \u2013 kapsle<\/strong><\/p>\n\n\n\n<p><u>U\u017eit\u00ed:<\/u> p\u016fsob\u00ed protirevmaticky, protiz\u00e1n\u011btliv\u011b, posiluje, \u010dist\u00ed krev, nemoci jater, ko\u017en\u00ed choroby.<\/p>\n\n\n\n<p><\/p>\n\n\n\n<p><strong>Vilcacora &nbsp;&#8211; Uncaria tomentosa \u2013 kapsle, su\u0161ina, kapky, kapsle se \u017eralo\u010d\u00ed chrupavkou<\/strong><\/p>\n\n\n\n<p><u>U\u017eit\u00ed:<\/u> protiz\u00e1n\u011btliv\u00fd, protinovotvarov\u00fd, revmatismus, leukemie, alergie, posiluje imunitu. V\u00edce v sekci Kr\u00e1lovna.<\/p>\n\n\n\n<p><\/p>\n\n\n\n<p><strong>NO-SCAR kr\u00e9m proti jizv\u00e1m<\/strong><\/p>\n\n\n\n<p><u>U\u017eit\u00ed:<\/u> Zjem\u0148uje, rozjas\u0148uje a vyhlazuje jizvy, hydratuje poko\u017eku a urychluje jej\u00ed regeneraci. \u010cin\u00ed jizvy jemn\u011bj\u0161\u00edmi a sni\u017euje jejich viditelnost.<\/p>\n\n\n\n<p><\/p>\n\n\n\n<p><strong>Zubn\u00ed pasta Vilcacora<\/strong><\/p>\n\n\n\n<p><u>U\u017eit\u00ed:<\/u> \u00da\u010dinn\u011b \u010dist\u00ed zuby, osv\u011b\u017euje dech, pom\u00e1h\u00e1 zlep\u0161it celkov\u00fd stav dutiny \u00fastn\u00ed, neobsahuje fluor.<\/p>\n\n\n\n<p><\/p>\n\n\n\n<p><strong>Velvetin kr\u00e9m proti vr\u00e1sk\u00e1m<\/strong><\/p>\n\n\n\n<p><u>U\u017eit\u00ed:<\/u> Slo\u017een\u00ed kr\u00e9mu zlep\u0161uje pevnost a pru\u017enost poko\u017eky, bojuje proti st\u00e1rnut\u00ed, redukuje vr\u00e1sky a zabra\u0148uje tvorb\u011b nov\u00fdch.<\/p>\n\n\n\n<p><\/p>\n\n\n\n<p><strong>\u0160ampon Vilcacora<\/strong><\/p>\n\n\n\n<p><u>U\u017eit\u00ed:<\/u> Obsahuje p\u0159\u00edrodn\u00ed \u00fa\u010dinn\u00e9 l\u00e1tky: jemn\u011b \u010dist\u00ed a pe\u010duje o poko\u017eku (Quillaja saponaria), m\u00e1 zklid\u0148uj\u00edc\u00ed \u00fa\u010dinek na podr\u00e1\u017ed\u011bnou poko\u017eku hlavy (Hair Spa), posiluje a vy\u017eivuje vlasy (vilcacora a d-panthenol).<\/p>\n\n\n\n<p><\/p>\n\n\n\n<p><strong>Cardio Max Protect<\/strong><\/p>\n\n\n\n<p><u>U\u017eit\u00ed:<\/u> sni\u017euje hladinu cholesterolu v krvi.<\/p>\n\n\n\n<p><\/p>\n\n\n\n<p><strong>Curcumin PRO<\/strong><\/p>\n\n\n\n<p><u>U\u017eit\u00ed:<\/u> usnad\u0148uje tr\u00e1ven\u00ed a stimuluje chu\u0165 k\u00a0j\u00eddlu. Podporuje pr\u00e1ci jater a \u017elu\u010dov\u00fdch cest, podporuje imunitu a m\u00e1 antioxida\u010dn\u00ed \u00fa\u010dinek.<\/p>\n\n\n\n<p><\/p>\n\n\n\n<p><strong>Deprisan<\/strong><\/p>\n\n\n\n<p><u>U\u017eit\u00ed:<\/u> pro udr\u017een\u00ed dobr\u00e9 n\u00e1lady, sni\u017euje \u00fanavu a vy\u010derp\u00e1n\u00ed, zlep\u0161uje fungov\u00e1n\u00ed nervov\u00e9ho syst\u00e9mu.<\/p>\n\n\n\n<p><\/p>\n\n\n\n<p><strong>Hepatin<\/strong><strong><\/strong><\/p>\n\n\n\n<p><u>U\u017eit\u00ed:<\/u> chr\u00e1n\u00ed jatern\u00ed bu\u0148ky, u\u017eite\u010dn\u00e9 p\u0159i chronick\u00e9 hepatitid\u011b, zm\u00edr\u0148uje nep\u0159\u00edjemn\u00e9 p\u0159\u00edznaky p\u0159ej\u00edd\u00e1n\u00ed.<\/p>\n\n\n\n<p><\/p>\n\n\n\n<p><strong>O\u010distn\u00fd program<\/strong><\/p>\n\n\n\n<p><u>U\u017eit\u00ed:<\/u> m\u00e1 detoxika\u010dn\u00ed vlastnosti (aloe, arty\u010dok), p\u0159isp\u00edv\u00e1 ke spr\u00e1vn\u00e9mu metabolismu (bor\u016fvka, cesm\u00edna, cholin, thiamin, niacin, vitam\u00edn B6), podporuje zdrav\u00ed tr\u00e1vic\u00edho syst\u00e9mu a dobr\u00e9 tr\u00e1ven\u00ed (arty\u010dok, zarzaparilla) zvy\u0161uje vylu\u010dov\u00e1n\u00ed vody ledvinami (cesm\u00edna, arty\u010dok) podporuje spr\u00e1vnou \u010dinnost jater (cholin, arty\u010dok), p\u0159isp\u00edv\u00e1 k ochran\u011b p\u0159ed oxidativn\u00edm po\u0161kozen\u00edm (bor\u016fvka, cesm\u00edna, arty\u010dok).<\/p>\n\n\n\n<p><\/p>\n\n\n\n<p><\/p>\n","protected":false},"excerpt":{"rendered":"<p>V na\u0161\u00ed nab\u00eddce je v\u00edce ne\u017e 90 bylin a p\u0159\u00edpravk\u016f z nich z\u00edskan\u00fdch. P\u0159edstav\u00edme V\u00e1m n\u011bkolik nejz\u00e1kladn\u011bj\u0161\u00edch. Pro zasl\u00e1n\u00ed kompletn\u00edch p\u0159ehled\u016f n\u00e1s kontaktujte. Achiote &#8211; Bixa orellana \u2013 kapsle U\u017eit\u00ed: antiseptick\u00fd, antibakteri\u00e1ln\u00ed, diuretick\u00fd-infekce urogenit\u00e1ln\u00edho traktu, jatern\u00ed choroby. Asmachilca&nbsp; &#8211; Eupatorium triplinerve \u2013 kapky U\u017eit\u00ed: katary horn\u00edch cest d\u00fdchac\u00edch, faryngitidy, tonsilitidy, z\u00e1paly krku a hrtanu, ch\u0159ipky. [&hellip;]<\/p>\n","protected":false},"author":1,"featured_media":0,"parent":0,"menu_order":0,"comment_status":"closed","ping_status":"closed","template":"","meta":{"_monsterinsights_skip_tracking":false,"_monsterinsights_sitenote_active":false,"_monsterinsights_sitenote_note":"","_monsterinsights_sitenote_category":0,"footnotes":""},"yoast_head":"<!-- This site is optimized with the Yoast SEO plugin v21.9.1 - https:\/\/yoast.com\/wordpress\/plugins\/seo\/ -->\n<title>Byliny - Andsk\u00e1 fytoterapie<\/title>\n<meta name=\"robots\" content=\"index, follow, max-snippet:-1, max-image-preview:large, max-video-preview:-1\" \/>\n<link rel=\"canonical\" href=\"https:\/\/www.amc-jablonec.cz\/?page_id=45\" \/>\n<meta property=\"og:locale\" content=\"cs_CZ\" \/>\n<meta property=\"og:type\" content=\"article\" \/>\n<meta property=\"og:title\" content=\"Byliny - Andsk\u00e1 fytoterapie\" \/>\n<meta property=\"og:description\" content=\"V na\u0161\u00ed nab\u00eddce je v\u00edce ne\u017e 90 bylin a p\u0159\u00edpravk\u016f z nich z\u00edskan\u00fdch. P\u0159edstav\u00edme V\u00e1m n\u011bkolik nejz\u00e1kladn\u011bj\u0161\u00edch. Pro zasl\u00e1n\u00ed kompletn\u00edch p\u0159ehled\u016f n\u00e1s kontaktujte. Achiote &#8211; Bixa orellana \u2013 kapsle U\u017eit\u00ed: antiseptick\u00fd, antibakteri\u00e1ln\u00ed, diuretick\u00fd-infekce urogenit\u00e1ln\u00edho traktu, jatern\u00ed choroby. Asmachilca&nbsp; &#8211; Eupatorium triplinerve \u2013 kapky U\u017eit\u00ed: katary horn\u00edch cest d\u00fdchac\u00edch, faryngitidy, tonsilitidy, z\u00e1paly krku a hrtanu, ch\u0159ipky. [&hellip;]\" \/>\n<meta property=\"og:url\" content=\"https:\/\/www.amc-jablonec.cz\/?page_id=45\" \/>\n<meta property=\"og:site_name\" content=\"Andsk\u00e1 fytoterapie\" \/>\n<meta property=\"article:modified_time\" content=\"2024-05-13T14:20:22+00:00\" \/>\n<meta name=\"twitter:card\" content=\"summary_large_image\" \/>\n<meta name=\"twitter:label1\" content=\"Odhadovan\u00e1 doba \u010dten\u00ed\" \/>\n\t<meta name=\"twitter:data1\" content=\"3 minuty\" \/>\n<script type=\"application\/ld+json\" class=\"yoast-schema-graph\">{\"@context\":\"https:\/\/schema.org\",\"@graph\":[{\"@type\":\"WebPage\",\"@id\":\"https:\/\/www.amc-jablonec.cz\/?page_id=45\",\"url\":\"https:\/\/www.amc-jablonec.cz\/?page_id=45\",\"name\":\"Byliny - Andsk\u00e1 fytoterapie\",\"isPartOf\":{\"@id\":\"https:\/\/www.amc-jablonec.cz\/#website\"},\"datePublished\":\"2024-01-25T17:12:12+00:00\",\"dateModified\":\"2024-05-13T14:20:22+00:00\",\"breadcrumb\":{\"@id\":\"https:\/\/www.amc-jablonec.cz\/?page_id=45#breadcrumb\"},\"inLanguage\":\"cs\",\"potentialAction\":[{\"@type\":\"ReadAction\",\"target\":[\"https:\/\/www.amc-jablonec.cz\/?page_id=45\"]}]},{\"@type\":\"BreadcrumbList\",\"@id\":\"https:\/\/www.amc-jablonec.cz\/?page_id=45#breadcrumb\",\"itemListElement\":[{\"@type\":\"ListItem\",\"position\":1,\"name\":\"Home\",\"item\":\"https:\/\/www.amc-jablonec.cz\/\"},{\"@type\":\"ListItem\",\"position\":2,\"name\":\"Byliny\"}]},{\"@type\":\"WebSite\",\"@id\":\"https:\/\/www.amc-jablonec.cz\/#website\",\"url\":\"https:\/\/www.amc-jablonec.cz\/\",\"name\":\"Andsk\u00e1 fytoterapie\",\"description\":\"\",\"potentialAction\":[{\"@type\":\"SearchAction\",\"target\":{\"@type\":\"EntryPoint\",\"urlTemplate\":\"https:\/\/www.amc-jablonec.cz\/?s={search_term_string}\"},\"query-input\":\"required name=search_term_string\"}],\"inLanguage\":\"cs\"}]}<\/script>\n<!-- \/ Yoast SEO plugin. -->","yoast_head_json":{"title":"Byliny - Andsk\u00e1 fytoterapie","robots":{"index":"index","follow":"follow","max-snippet":"max-snippet:-1","max-image-preview":"max-image-preview:large","max-video-preview":"max-video-preview:-1"},"canonical":"https:\/\/www.amc-jablonec.cz\/?page_id=45","og_locale":"cs_CZ","og_type":"article","og_title":"Byliny - Andsk\u00e1 fytoterapie","og_description":"V na\u0161\u00ed nab\u00eddce je v\u00edce ne\u017e 90 bylin a p\u0159\u00edpravk\u016f z nich z\u00edskan\u00fdch. P\u0159edstav\u00edme V\u00e1m n\u011bkolik nejz\u00e1kladn\u011bj\u0161\u00edch. Pro zasl\u00e1n\u00ed kompletn\u00edch p\u0159ehled\u016f n\u00e1s kontaktujte. Achiote &#8211; Bixa orellana \u2013 kapsle U\u017eit\u00ed: antiseptick\u00fd, antibakteri\u00e1ln\u00ed, diuretick\u00fd-infekce urogenit\u00e1ln\u00edho traktu, jatern\u00ed choroby. Asmachilca&nbsp; &#8211; Eupatorium triplinerve \u2013 kapky U\u017eit\u00ed: katary horn\u00edch cest d\u00fdchac\u00edch, faryngitidy, tonsilitidy, z\u00e1paly krku a hrtanu, ch\u0159ipky. [&hellip;]","og_url":"https:\/\/www.amc-jablonec.cz\/?page_id=45","og_site_name":"Andsk\u00e1 fytoterapie","article_modified_time":"2024-05-13T14:20:22+00:00","twitter_card":"summary_large_image","twitter_misc":{"Odhadovan\u00e1 doba \u010dten\u00ed":"3 minuty"},"schema":{"@context":"https:\/\/schema.org","@graph":[{"@type":"WebPage","@id":"https:\/\/www.amc-jablonec.cz\/?page_id=45","url":"https:\/\/www.amc-jablonec.cz\/?page_id=45","name":"Byliny - Andsk\u00e1 fytoterapie","isPartOf":{"@id":"https:\/\/www.amc-jablonec.cz\/#website"},"datePublished":"2024-01-25T17:12:12+00:00","dateModified":"2024-05-13T14:20:22+00:00","breadcrumb":{"@id":"https:\/\/www.amc-jablonec.cz\/?page_id=45#breadcrumb"},"inLanguage":"cs","potentialAction":[{"@type":"ReadAction","target":["https:\/\/www.amc-jablonec.cz\/?page_id=45"]}]},{"@type":"BreadcrumbList","@id":"https:\/\/www.amc-jablonec.cz\/?page_id=45#breadcrumb","itemListElement":[{"@type":"ListItem","position":1,"name":"Home","item":"https:\/\/www.amc-jablonec.cz\/"},{"@type":"ListItem","position":2,"name":"Byliny"}]},{"@type":"WebSite","@id":"https:\/\/www.amc-jablonec.cz\/#website","url":"https:\/\/www.amc-jablonec.cz\/","name":"Andsk\u00e1 fytoterapie","description":"","potentialAction":[{"@type":"SearchAction","target":{"@type":"EntryPoint","urlTemplate":"https:\/\/www.amc-jablonec.cz\/?s={search_term_string}"},"query-input":"required name=search_term_string"}],"inLanguage":"cs"}]}},"_links":{"self":[{"href":"https:\/\/www.amc-jablonec.cz\/index.php?rest_route=\/wp\/v2\/pages\/45"}],"collection":[{"href":"https:\/\/www.amc-jablonec.cz\/index.php?rest_route=\/wp\/v2\/pages"}],"about":[{"href":"https:\/\/www.amc-jablonec.cz\/index.php?rest_route=\/wp\/v2\/types\/page"}],"author":[{"embeddable":true,"href":"https:\/\/www.amc-jablonec.cz\/index.php?rest_route=\/wp\/v2\/users\/1"}],"replies":[{"embeddable":true,"href":"https:\/\/www.amc-jablonec.cz\/index.php?rest_route=%2Fwp%2Fv2%2Fcomments&post=45"}],"version-history":[{"count":6,"href":"https:\/\/www.amc-jablonec.cz\/index.php?rest_route=\/wp\/v2\/pages\/45\/revisions"}],"predecessor-version":[{"id":115,"href":"https:\/\/www.amc-jablonec.cz\/index.php?rest_route=\/wp\/v2\/pages\/45\/revisions\/115"}],"wp:attachment":[{"href":"https:\/\/www.amc-jablonec.cz\/index.php?rest_route=%2Fwp%2Fv2%2Fmedia&parent=45"}],"curies":[{"name":"wp","href":"https:\/\/api.w.org\/{rel}","templated":true}]}}